{"id":1165,"date":"2025-04-02T22:08:20","date_gmt":"2025-04-02T22:08:20","guid":{"rendered":"https:\/\/viktorbaltzer.com\/impressum\/"},"modified":"2025-04-02T22:08:32","modified_gmt":"2025-04-02T22:08:32","slug":"impressum","status":"publish","type":"page","link":"https:\/\/viktorbaltzer.com\/de\/impressum","title":{"rendered":"Impressum"},"content":{"rendered":"<p class=\"\" data-start=\"199\" data-end=\"224\"><strong data-start=\"199\" data-end=\"224\">Angaben gem\u00e4\u00df \u00a7 5 TMG<\/strong><\/p>\n<p class=\"\" data-start=\"226\" data-end=\"312\"><strong data-start=\"226\" data-end=\"244\">Viktor Baltzer<\/strong><br data-start=\"244\" data-end=\"247\" \/>Baltzer Labs<br data-start=\"259\" data-end=\"262\" \/>H\u00f8jdevej 43, 2. sal<br data-start=\"281\" data-end=\"284\" \/>2300 Kopenhagen<br data-start=\"299\" data-end=\"302\" \/>D\u00e4nemark<\/p>\n<p class=\"\" data-start=\"314\" data-end=\"396\"><strong data-start=\"314\" data-end=\"326\">Kontakt:<\/strong><br data-start=\"326\" data-end=\"329\" \/>E-Mail: <a class=\"cursor-pointer\" rel=\"noopener\" data-start=\"337\" data-end=\"396\">viktor@viktorbaltzer.com<\/a><\/p>\n<p class=\"\" data-start=\"398\" data-end=\"476\"><strong data-start=\"398\" data-end=\"454\">Umsatzsteuer-Identifikationsnummer gem\u00e4\u00df \u00a7 27a UStG:<\/strong><br data-start=\"454\" data-end=\"457\" \/>CVR-Nr.: 43409964<\/p>\n<hr class=\"\" data-start=\"478\" data-end=\"481\" \/>\n<p class=\"\" data-start=\"483\" data-end=\"607\"><strong data-start=\"483\" data-end=\"539\">Verantwortlich f\u00fcr den Inhalt nach \u00a7 55 Abs. 2 RStV:<\/strong><br data-start=\"539\" data-end=\"542\" \/>Viktor Baltzer<br data-start=\"556\" data-end=\"559\" \/>H\u00f8jdevej 43, 2. sal<br data-start=\"578\" data-end=\"581\" \/>2300 Kopenhagen<br data-start=\"596\" data-end=\"599\" \/>D\u00e4nemark<\/p>\n<hr class=\"\" data-start=\"609\" data-end=\"612\" \/>\n<h3 class=\"\" data-start=\"614\" data-end=\"637\">Haftung f\u00fcr Inhalte<\/h3>\n<p class=\"\" data-start=\"639\" data-end=\"992\">Als Diensteanbieter bin ich gem\u00e4\u00df \u00a7 7 Abs.1 TMG f\u00fcr eigene Inhalte auf diesen Seiten nach den allgemeinen Gesetzen verantwortlich. Nach \u00a7\u00a7 8 bis 10 TMG bin ich als Diensteanbieter jedoch nicht verpflichtet, \u00fcbermittelte oder gespeicherte fremde Informationen zu \u00fcberwachen oder nach Umst\u00e4nden zu forschen, die auf eine rechtswidrige T\u00e4tigkeit hinweisen.<\/p>\n<p class=\"\" data-start=\"994\" data-end=\"1340\">Verpflichtungen zur Entfernung oder Sperrung der Nutzung von Informationen nach den allgemeinen Gesetzen bleiben hiervon unber\u00fchrt. Eine entsprechende Haftung ist jedoch erst ab dem Zeitpunkt der Kenntnis einer konkreten Rechtsverletzung m\u00f6glich. Bei Bekanntwerden von entsprechenden Rechtsverletzungen werde ich diese Inhalte umgehend entfernen.<\/p>\n<hr class=\"\" data-start=\"1342\" data-end=\"1345\" \/>\n<h3 class=\"\" data-start=\"1347\" data-end=\"1368\">Haftung f\u00fcr Links<\/h3>\n<p class=\"\" data-start=\"1370\" data-end=\"1657\">Mein Angebot enth\u00e4lt Links zu externen Webseiten Dritter, auf deren Inhalte ich keinen Einfluss habe. Deshalb kann ich f\u00fcr diese fremden Inhalte auch keine Gew\u00e4hr \u00fcbernehmen. F\u00fcr die Inhalte der verlinkten Seiten ist stets der jeweilige Anbieter oder Betreiber der Seiten verantwortlich.<\/p>\n<p class=\"\" data-start=\"1659\" data-end=\"2054\">Die verlinkten Seiten wurden zum Zeitpunkt der Verlinkung auf m\u00f6gliche Rechtsverst\u00f6\u00dfe \u00fcberpr\u00fcft. Rechtswidrige Inhalte waren zum Zeitpunkt der Verlinkung nicht erkennbar. Eine permanente inhaltliche Kontrolle der verlinkten Seiten ist jedoch ohne konkrete Anhaltspunkte einer Rechtsverletzung nicht zumutbar. Bei Bekanntwerden von Rechtsverletzungen werde ich derartige Links umgehend entfernen.<\/p>\n<hr class=\"\" data-start=\"2056\" data-end=\"2059\" \/>\n<h3 class=\"\" data-start=\"2061\" data-end=\"2077\">Urheberrecht<\/h3>\n<p class=\"\" data-start=\"2079\" data-end=\"2503\">Die durch den Seitenbetreiber erstellten Inhalte und Werke auf diesen Seiten unterliegen dem d\u00e4nischen und deutschen Urheberrecht. Die Vervielf\u00e4ltigung, Bearbeitung, Verbreitung und jede Art der Verwertung au\u00dferhalb der Grenzen des Urheberrechtes bed\u00fcrfen der schriftlichen Zustimmung des jeweiligen Autors bzw. Erstellers. Downloads und Kopien dieser Seite sind nur f\u00fcr den privaten, nicht kommerziellen Gebrauch gestattet.<\/p>\n<p class=\"\" data-start=\"2505\" data-end=\"2825\">Soweit die Inhalte auf dieser Seite nicht vom Betreiber erstellt wurden, werden die Urheberrechte Dritter beachtet. Solltest du trotzdem auf eine Urheberrechtsverletzung aufmerksam werden, bitte ich um einen entsprechenden Hinweis. Bei Bekanntwerden von Rechtsverletzungen werde ich derartige Inhalte umgehend entfernen.<\/p>\n","protected":false},"excerpt":{"rendered":"<p>Angaben gem\u00e4\u00df \u00a7 5 TMG Viktor BaltzerBaltzer LabsH\u00f8jdevej 43, 2. sal2300 KopenhagenD\u00e4nemark Kontakt:E-Mail: viktor@viktorbaltzer.com Umsatzsteuer-Identifikationsnummer gem\u00e4\u00df \u00a7 27a UStG:CVR-Nr.: 43409964 Verantwortlich f\u00fcr den Inhalt nach \u00a7 55 Abs. 2 RStV:Viktor BaltzerH\u00f8jdevej 43, 2. sal2300 KopenhagenD\u00e4nemark Haftung f\u00fcr Inhalte Als Diensteanbieter bin ich gem\u00e4\u00df \u00a7 7 Abs.1 TMG f\u00fcr eigene Inhalte auf diesen Seiten nach den [&hellip;]<\/p>\n","protected":false},"author":1,"featured_media":0,"parent":0,"menu_order":0,"comment_status":"closed","ping_status":"closed","template":"","meta":{"footnotes":""},"class_list":["post-1165","page","type-page","status-publish","hentry"],"_links":{"self":[{"href":"https:\/\/viktorbaltzer.com\/de\/wp-json\/wp\/v2\/pages\/1165","targetHints":{"allow":["GET"]}}],"collection":[{"href":"https:\/\/viktorbaltzer.com\/de\/wp-json\/wp\/v2\/pages"}],"about":[{"href":"https:\/\/viktorbaltzer.com\/de\/wp-json\/wp\/v2\/types\/page"}],"author":[{"embeddable":true,"href":"https:\/\/viktorbaltzer.com\/de\/wp-json\/wp\/v2\/users\/1"}],"replies":[{"embeddable":true,"href":"https:\/\/viktorbaltzer.com\/de\/wp-json\/wp\/v2\/comments?post=1165"}],"version-history":[{"count":1,"href":"https:\/\/viktorbaltzer.com\/de\/wp-json\/wp\/v2\/pages\/1165\/revisions"}],"predecessor-version":[{"id":1166,"href":"https:\/\/viktorbaltzer.com\/de\/wp-json\/wp\/v2\/pages\/1165\/revisions\/1166"}],"wp:attachment":[{"href":"https:\/\/viktorbaltzer.com\/de\/wp-json\/wp\/v2\/media?parent=1165"}],"curies":[{"name":"wp","href":"https:\/\/api.w.org\/{rel}","templated":true}]}}